{"id":1481,"date":"2024-10-05T08:58:51","date_gmt":"2024-10-05T08:58:51","guid":{"rendered":"https:\/\/charcoals.ae\/urunler\/"},"modified":"2024-11-05T13:03:01","modified_gmt":"2024-11-05T13:03:01","slug":"urunler","status":"publish","type":"page","link":"https:\/\/charcoals.ae\/tr\/urunler\/","title":{"rendered":"\u00dcr\u00fcnler"},"content":{"rendered":"\n<div class=\"wp-block-greenshift-blocks-row alignfull gspb_row gspb_row-id-gsbp-d65fb19\" id=\"gspb_row-id-gsbp-d65fb19\"><div class=\"gspb_backgroundOverlay\"><\/div><div class=\"gspb_row__content\"> \n<div class=\"wp-block-greenshift-blocks-row-column gspb_row__col--12 gspb_col-id-gsbp-035f35a\" id=\"gspb_col-id-gsbp-035f35a\">\n\n\n<h2 id=\"gspb_heading-id-gsbp-90f6bba\" class=\"gspb_heading gspb_heading-id-gsbp-90f6bba \"><strong>Ate\u015finizi Yak\u0131n: Kaliteli K\u00f6m\u00fcr Her Kullan\u0131m \u0130\u00e7in<\/strong><\/h2>\n\n\n\n<p id=\"gspb_text-id-gsbp-72ef05c\" class=\"gspb_text gspb_text-id-gsbp-72ef05c \">\u00d6zel olarak se\u00e7ilmi\u015f \u00fcr\u00fcn se\u00e7eneklerimizle kalite ve performans\u0131n m\u00fckemmel kar\u0131\u015f\u0131m\u0131n\u0131 ke\u015ffedin<\/p>\n<\/div>\n <\/div><\/div>\n\n<div class=\"wp-block-greenshift-blocks-row gspb_row gspb_row-id-gsbp-219279f\" id=\"gspb_row-id-gsbp-219279f\"><div class=\"gspb_row__content\"> \n<div class=\"wp-block-greenshift-blocks-row-column gspb_row__col--4 gspb_row__col--md-6 gspb_row__col--xs-12 gspb_col-id-gsbp-c336038\" id=\"gspb_col-id-gsbp-c336038\">\n<h2 id=\"gspb_heading-id-gsbp-fa91122\" class=\"gspb_heading gspb_heading-id-gsbp-fa91122 \"><span style=\"color: var(--theme-palette-color-1, #CB602C);\" class=\"stk-highlight\">\u0130htiya\u00e7lar\u0131n\u0131za En Uygun Se\u00e7ene\u011fi Bulun<\/span><\/h2>\n<\/div>\n\n\n\n<div class=\"wp-block-greenshift-blocks-row-column gspb_row__col--8 gspb_row__col--md-6 gspb_row__col--xs-12 gspb_col-id-gsbp-56e6c4f\" id=\"gspb_col-id-gsbp-56e6c4f\"><\/div>\n <\/div><\/div>\n\n<div class=\"wp-block-greenshift-blocks-row gspb_row gspb_row-id-gsbp-d0c0ab2\" id=\"gspb_row-id-gsbp-d0c0ab2\"><div class=\"gspb_row__content\"> \n<div class=\"wp-block-greenshift-blocks-row-column gspb_row__col--6 gspb_col-id-gsbp-477af6a\" id=\"gspb_col-id-gsbp-477af6a\">\n<section class=\"wp-block-greenshift-blocks-row alignfull gspb_row gspb_row-id-gsbp-8001c0c\" id=\"gspb_row-id-gsbp-8001c0c\"><div class=\"gspb_backgroundOverlay\"><\/div><div class=\"gspb_row__content\"> \n<div class=\"wp-block-greenshift-blocks-row-column gspb_row__col--12 gspb_col-id-gsbp-37dea44\" id=\"gspb_col-id-gsbp-37dea44\">\n<p id=\"gspb_text-id-gsbp-16671dc\" class=\"gspb_text gspb_text-id-gsbp-16671dc \">K\u00f6m\u00fcrler<\/p>\n\n\n\n<h4 id=\"gspb_heading-id-gsbp-c78bb2e\" class=\"gspb_heading gspb_heading-id-gsbp-c78bb2e \">Izgara ve Nargile Seanslar\u0131 i\u00e7in Premium K\u00f6m\u00fcrler<\/h4>\n<\/div>\n <\/div><\/section>\n<\/div>\n\n\n\n<div class=\"wp-block-greenshift-blocks-row-column gspb_row__col--6 gspb_col-id-gsbp-7bc5d0e\" id=\"gspb_col-id-gsbp-7bc5d0e\">\n<p id=\"gspb_text-id-gsbp-82ed1b1\" class=\"gspb_text gspb_text-id-gsbp-82ed1b1 \">Barbek\u00fc k\u00f6m\u00fcr\u00fcm\u00fcz m\u00fckemmel \u0131zgaralar\u0131 tutarl\u0131 \u0131s\u0131yla beslerken, nargile k\u00f6m\u00fcr\u00fcm\u00fcz p\u00fcr\u00fczs\u00fcz, k\u00fcls\u00fcz seanslar sa\u011flar. Do\u011fal, temiz yanan ve her deneyim i\u00e7in haz\u0131rlanm\u0131\u015f. <\/p>\n\n\n\n<div class=\"gspb_button_wrapper gspb_button-id-gsbp-73864dd\" id=\"gspb_button-id-gsbp-73864dd\"><a class=\"wp-block-greenshift-blocks-buttonbox gspb-buttonbox wp-element-button\" href=\"https:\/\/charcoals.ae\/products\/charcoal\/\" rel=\"noopener\"><span class=\"gspb-buttonbox-textwrap\"><span class=\"gspb-buttonbox-text\"><span class=\"gspb-buttonbox-title\">\u015eimdi Ke\u015ffet<\/span><\/span><\/span><\/a><\/div>\n<\/div>\n <\/div><\/div>\n\n<div class=\"wp-block-greenshift-blocks-row gspb_row gspb_row-id-gsbp-2c565b8\" id=\"gspb_row-id-gsbp-2c565b8\"><div class=\"gspb_row__content\"> \n<div class=\"wp-block-greenshift-blocks-row-column gspb_row__col--6 gspb_row__col--xs-12 gspb_col-id-gsbp-a7a5d40\" id=\"gspb_col-id-gsbp-a7a5d40\">\n<p id=\"gspb_text-id-gsbp-879ea1a\" class=\"gspb_text gspb_text-id-gsbp-879ea1a \">Hassasiyet ve tutarl\u0131l\u0131k taahh\u00fcd\u00fcm\u00fczle, k\u00fcresel OEM hizmetlerimiz sayesinde \u00fcr\u00fcn yelpazenizi y\u00fckseltmenize ve m\u00fc\u015fteri memnuniyetinizi art\u0131rman\u0131za yard\u0131mc\u0131 oluyoruz.<\/p>\n\n\n\n<div class=\"gspb_button_wrapper gspb_button-id-gsbp-6756cfc\" id=\"gspb_button-id-gsbp-6756cfc\"><a class=\"wp-block-greenshift-blocks-buttonbox gspb-buttonbox wp-element-button\" href=\"https:\/\/charcoals.ae\/products\/oem\/\" rel=\"noopener\"><span class=\"gspb-buttonbox-textwrap\"><span class=\"gspb-buttonbox-text\"><span class=\"gspb-buttonbox-title\">\u015eimdi Ke\u015ffet<\/span><\/span><\/span><\/a><\/div>\n<\/div>\n\n\n\n<div class=\"wp-block-greenshift-blocks-row-column gspb_row__col--6 gspb_row__col--xs-12 gspb_col-id-gsbp-7789d0f\" id=\"gspb_col-id-gsbp-7789d0f\">\n<section class=\"wp-block-greenshift-blocks-row alignfull gspb_row gspb_row-id-gsbp-e71975f\" id=\"gspb_row-id-gsbp-e71975f\"><div class=\"gspb_backgroundOverlay\"><\/div><div class=\"gspb_row__content\"> \n<div class=\"wp-block-greenshift-blocks-row-column gspb_row__col--12 gspb_col-id-gsbp-6a93021\" id=\"gspb_col-id-gsbp-6a93021\">\n<p id=\"gspb_text-id-gsbp-1b5b86b\" class=\"gspb_text gspb_text-id-gsbp-1b5b86b \"><strong>OEM \u0130malat\u0131<\/strong><\/p>\n\n\n\n<h4 id=\"gspb_heading-id-gsbp-dedc6e0\" class=\"gspb_heading gspb_heading-id-gsbp-dedc6e0 \">K\u00f6m\u00fcr \u00dcretiminde M\u00fckemmellik i\u00e7in Ortakl\u0131k Community Verified icon<\/h4>\n<\/div>\n <\/div><\/section>\n<\/div>\n <\/div><\/div>\n\n<div class=\"wp-block-greenshift-blocks-row alignfull gspb_row gspb_row-id-gsbp-28d45c9\" id=\"gspb_row-id-gsbp-28d45c9\">\n<div class=\"wp-block-greenshift-blocks-row-column gspb_row__col--3 gspb_row__col--md-3 gspb_col-id-gsbp-ee14efa\" id=\"gspb_col-id-gsbp-ee14efa\"><div class=\"gspb_backgroundOverlay\"><\/div><\/div>\n\n\n\n<div class=\"wp-block-greenshift-blocks-row-column gspb_row__col--6 gspb_row__col--md-6 gspb_col-id-gsbp-8f79b5a\" id=\"gspb_col-id-gsbp-8f79b5a\">\n<h3 id=\"gspb_heading-id-gsbp-415756f\" class=\"gspb_heading gspb_heading-id-gsbp-415756f \">Daha \u0130yi Barbek\u00fc ve Nargile \u0130\u00e7in Kolay \u00c7\u00f6z\u00fcmler!<\/h3>\n<\/div>\n\n\n\n<div class=\"wp-block-greenshift-blocks-row-column gspb_row__col--3 gspb_row__col--md-3 gspb_col-id-gsbp-94e0258\" id=\"gspb_col-id-gsbp-94e0258\"><div class=\"gspb_backgroundOverlay\"><\/div><\/div>\n<\/div>\n\n<div class=\"wp-block-greenshift-blocks-row alignfull gspb_row gspb_row-id-gsbp-f0c9f0b\" id=\"gspb_row-id-gsbp-f0c9f0b\"><div class=\"gspb_backgroundOverlay\"><\/div><div class=\"gspb_row__content\"> \n<div class=\"wp-block-greenshift-blocks-row-column gspb_row__col--12 gspb_col-id-gsbp-d2699c7\" id=\"gspb_col-id-gsbp-d2699c7\">\n<h2 id=\"gspb_heading-id-gsbp-8380550\" class=\"gspb_heading gspb_heading-id-gsbp-8380550 \">Profesyonellerimizle \u0130leti\u015fime Ge\u00e7in<\/h2>\n\n\n\n<p id=\"gspb_text-id-gsbp-5a709c0\" class=\"gspb_text gspb_text-id-gsbp-5a709c0 \">Ekibimizden ki\u015fiselle\u015ftirilmi\u015f destek almak i\u00e7in \u00e7ekinmeyin. \u0130htiya\u00e7lar\u0131n\u0131za uygun do\u011fru \u00e7\u00f6z\u00fcmleri bulman\u0131za yard\u0131mc\u0131 olmak ve sorular\u0131n\u0131z\u0131 yan\u0131tlamak i\u00e7in buraday\u0131z. <br\/><\/p>\n\n\n\n<p id=\"gspb_text-id-gsbp-b0ce2a2\" class=\"gspb_text gspb_text-id-gsbp-b0ce2a2 \">Bizi bug\u00fcn aray\u0131n: <a href=\"tel:+971545291434\">(0971)54-5291434<\/a><\/p>\n<\/div>\n <\/div><\/div>\n","protected":false},"excerpt":{"rendered":"","protected":false},"author":6,"featured_media":0,"parent":0,"menu_order":0,"comment_status":"closed","ping_status":"closed","template":"","meta":{"_gspb_post_css":"@import url(https:\/\/fonts.googleapis.com\/css?family=Poppins|Poppins|Poppins:500|Poppins|Poppins|Poppins|Poppins:500|Poppins|Poppins:600|Poppins);#gspb_row-id-gsbp-d65fb19{justify-content:space-between;margin-top:0;margin-bottom:0;display:flex;flex-wrap:wrap;min-height:500px}#gspb_row-id-gsbp-d65fb19>.gspb_row__content{display:flex;margin:0 auto;width:100%;flex-wrap:wrap;align-items:center;justify-content:center}div[id^=gspb_col-id]{box-sizing:border-box;position:relative;padding:15px min(3vw,20px)}@media (max-width:991.98px){#gspb_row-id-gsbp-d65fb19{min-height:500}}body.gspb-bodyfront #gspb_row-id-gsbp-d65fb19>.gspb_row__content{width:var(--theme-container-width, 1200px);max-width:var(--theme-normal-container-max-width, 1200px)}#gspb_row-id-gsbp-d65fb19{align-content:center;background-size:cover;background-repeat:no-repeat}@media (max-width:575.98px){#gspb_row-id-gsbp-d65fb19{background-size:cover;background-repeat:no-repeat}}#gspb_row-id-gsbp-d65fb19{background-image:url(https:\/\/charcoals.ae\/wp-content\/uploads\/2024\/10\/hero-image-1.jpg);isolation:isolate}#gspb_row-id-gsbp-d65fb19:hover{background-size:cover}@media (max-width:575.98px){#gspb_row-id-gsbp-d65fb19:hover{background-size:cover}}#gspb_row-id-gsbp-d65fb19>.gspb_backgroundOverlay{position:absolute;top:0;left:0;width:100%;height:100%;z-index:-1;background-color:#00000099}#gspb_col-id-gsbp-035f35a.gspb_row__col--12{width:100%}@media (max-width:575.98px){#gspb_col-id-gsbp-035f35a.gspb_row__col--12{width:100%}}body #gspb_col-id-gsbp-035f35a.gspb_row__col--12{justify-content:center;align-content:center}#gspb_heading-id-gsbp-90f6bba{font-size:3rem}@media (max-width:991.98px){#gspb_heading-id-gsbp-90f6bba{font-size:2rem}}@media (max-width:575.98px){#gspb_heading-id-gsbp-90f6bba{font-size:2rem}}#gspb_heading-id-gsbp-90f6bba,#gspb_heading-id-gsbp-90f6bba .gsap-g-line{text-align:center!important}#gspb_heading-id-gsbp-90f6bba,.gspb_text-id-gsbp-72ef05c{color:var(--wp--preset--color--palette-color-8, var(--theme-palette-color-8, #ffffff))}#gspb_heading-id-gsbp-90f6bba{margin-top:0;margin-bottom:0;max-width:800px}.gspb_text-id-gsbp-72ef05c{font-weight:400;font-family:Poppins,sans-serif;font-size:1rem;margin-top:12px!important;margin-bottom:0!important}.gspb_text-id-gsbp-72ef05c,.gspb_text-id-gsbp-72ef05c .gsap-g-line{text-align:center!important}#gspb_row-id-gsbp-219279f{justify-content:space-between;margin-bottom:0;display:flex;flex-wrap:wrap;margin-top:130px}#gspb_row-id-gsbp-219279f>.gspb_row__content{display:flex;justify-content:space-between;margin:0 auto;width:100%;flex-wrap:wrap}@media (max-width:991.98px){#gspb_row-id-gsbp-219279f{margin-top:80px}}@media (max-width:575.98px){#gspb_row-id-gsbp-219279f{margin-top:30px}}#gspb_col-id-gsbp-c336038.gspb_row__col--4{width:33.333333333333336%}@media (max-width:991.98px){#gspb_col-id-gsbp-c336038.gspb_row__col--4{width:50%}}@media (max-width:575.98px){#gspb_col-id-gsbp-c336038.gspb_row__col--4{width:100%}}#gspb_heading-id-gsbp-fa91122{font-size:3rem}@media (max-width:991.98px){#gspb_heading-id-gsbp-fa91122{font-size:2rem}}@media (max-width:575.98px){#gspb_heading-id-gsbp-fa91122{font-size:2rem;text-align:center!important}#gspb_heading-id-gsbp-fa91122 .gsap-g-line{text-align:center!important}}#gspb_heading-id-gsbp-fa91122{margin-bottom:20px}#gspb_col-id-gsbp-56e6c4f.gspb_row__col--8{width:66.66666666666667%}@media (max-width:991.98px){#gspb_col-id-gsbp-56e6c4f.gspb_row__col--8{width:50%}}@media (max-width:575.98px){#gspb_col-id-gsbp-56e6c4f.gspb_row__col--8{width:100%}.gspb_row #gspb_col-id-gsbp-56e6c4f.gspb_row__col--8{margin:0;padding:0}}#gspb_row-id-gsbp-d0c0ab2{justify-content:space-between;margin-top:0;margin-bottom:0;display:flex;flex-wrap:wrap}#gspb_row-id-gsbp-d0c0ab2>.gspb_row__content{display:flex;justify-content:space-between;margin:0 auto;width:100%;flex-wrap:wrap}body.gspb-bodyfront #gspb_row-id-gsbp-219279f>.gspb_row__content,body.gspb-bodyfront #gspb_row-id-gsbp-d0c0ab2>.gspb_row__content{width:var(--theme-container-width, 1200px);max-width:var(--theme-normal-container-max-width, 1200px)}@media (max-width:575.98px){#gspb_row-id-gsbp-d0c0ab2{margin-bottom:30px}}#gspb_col-id-gsbp-477af6a.gspb_row__col--6{width:50%}@media (max-width:575.98px){#gspb_col-id-gsbp-477af6a.gspb_row__col--6{width:100%}}.gspb_row #gspb_col-id-gsbp-477af6a.gspb_row__col--6{padding:0}#gspb_row-id-gsbp-8001c0c{justify-content:space-between;margin-top:0;margin-bottom:0;display:flex;flex-wrap:wrap;padding:100px}#gspb_row-id-gsbp-8001c0c>.gspb_row__content{display:flex;justify-content:space-between;margin:0 auto;width:100%;flex-wrap:wrap}@media (max-width:991.98px){#gspb_row-id-gsbp-8001c0c{padding:30px}}#gspb_row-id-gsbp-8001c0c{background-size:cover;background-repeat:no-repeat;background-image:url(https:\/\/charcoals.ae\/wp-content\/uploads\/2024\/10\/4.jpg);isolation:isolate}#gspb_row-id-gsbp-8001c0c:hover{background-size:cover}#gspb_row-id-gsbp-8001c0c>.gspb_backgroundOverlay{position:absolute;top:0;left:0;width:100%;height:100%;z-index:-1;background-color:#00000070}#gspb_col-id-gsbp-37dea44.gspb_row__col--12{width:100%}@media (max-width:575.98px){#gspb_col-id-gsbp-37dea44.gspb_row__col--12{width:100%}}.gspb_text-id-gsbp-16671dc{font-weight:500;font-family:Poppins,sans-serif;font-size:-1px}@media (max-width:575.98px){.gspb_text-id-gsbp-16671dc,.gspb_text-id-gsbp-16671dc .gsap-g-line{text-align:center!important}}.gspb_text-id-gsbp-16671dc{color:var(--wp--preset--color--palette-color-8, var(--theme-palette-color-8, #ffffff));margin-bottom:15px!important;padding-bottom:15px!important;border-bottom-style:solid;border-bottom-color:var(--wp--preset--color--palette-color-1, var(--theme-palette-color-1, #CB602C))}#gspb_heading-id-gsbp-c78bb2e{font-size:3em}@media (max-width:991.98px){#gspb_heading-id-gsbp-c78bb2e{font-size:2em}}@media (max-width:575.98px){#gspb_heading-id-gsbp-c78bb2e,#gspb_heading-id-gsbp-c78bb2e .gsap-g-line{text-align:center!important}}#gspb_heading-id-gsbp-c78bb2e{color:var(--wp--preset--color--palette-color-8, var(--theme-palette-color-8, #ffffff))}#gspb_col-id-gsbp-7bc5d0e.gspb_row__col--6{width:50%}@media (max-width:575.98px){#gspb_col-id-gsbp-7bc5d0e.gspb_row__col--6{width:100%}}.gspb_row #gspb_col-id-gsbp-7bc5d0e.gspb_row__col--6{padding-top:50px;padding-right:50px;padding-left:50px}@media (max-width:991.98px){.gspb_row #gspb_col-id-gsbp-7bc5d0e.gspb_row__col--6{padding-top:30px;padding-right:30px;padding-left:30px}}@media (max-width:575.98px){.gspb_row #gspb_col-id-gsbp-7bc5d0e.gspb_row__col--6{padding-right:0;padding-left:0}}.gspb_text-id-gsbp-82ed1b1{font-weight:400;font-family:Poppins,sans-serif;font-size:1.5rem}@media (max-width:991.98px){.gspb_text-id-gsbp-82ed1b1{font-size:.9rem}}@media (max-width:575.98px){.gspb_text-id-gsbp-82ed1b1,.gspb_text-id-gsbp-82ed1b1 .gsap-g-line{text-align:center!important}}.gspb_text-id-gsbp-82ed1b1{color:var(--wp--preset--color--palette-color-4, var(--theme-palette-color-4, #2C1E18));margin-top:0!important}#gspb_button-id-gsbp-73864dd{display:flex;justify-content:flex-start}#gspb_button-id-gsbp-73864dd .gspb-buttonbox-text{display:flex;flex-direction:column}#gspb_button-id-gsbp-73864dd>.gspb-buttonbox{box-sizing:border-box}@media (max-width:575.98px){#gspb_button-id-gsbp-73864dd{justify-content:center}}@media (max-width:991.98px){#gspb_button-id-gsbp-73864dd>.gspb-buttonbox{font-size:1rem}}#gspb_row-id-gsbp-2c565b8{justify-content:space-between;margin-top:0;display:flex;flex-wrap:wrap;margin-bottom:130px}#gspb_row-id-gsbp-2c565b8>.gspb_row__content{display:flex;justify-content:space-between;margin:0 auto;width:100%;flex-wrap:wrap}body.gspb-bodyfront #gspb_row-id-gsbp-2c565b8>.gspb_row__content,body.gspb-bodyfront #gspb_row-id-gsbp-8001c0c>.gspb_row__content{width:var(--theme-container-width, 1200px);max-width:var(--theme-normal-container-max-width, 1200px)}@media (max-width:991.98px){#gspb_row-id-gsbp-2c565b8{margin-bottom:80px}}@media (max-width:575.98px){#gspb_row-id-gsbp-2c565b8{margin-bottom:30px}}#gspb_col-id-gsbp-a7a5d40.gspb_row__col--6{width:50%}@media (max-width:575.98px){#gspb_col-id-gsbp-a7a5d40.gspb_row__col--6{width:100%;order:2}}.gspb_row #gspb_col-id-gsbp-a7a5d40.gspb_row__col--6{padding-top:50px;padding-right:50px;padding-left:50px}@media (max-width:991.98px){.gspb_row #gspb_col-id-gsbp-a7a5d40.gspb_row__col--6{padding-top:30px;padding-right:30px;padding-left:30px}}@media (max-width:575.98px){.gspb_row #gspb_col-id-gsbp-a7a5d40.gspb_row__col--6{padding-top:30px;padding-right:0;padding-left:0}}.gspb_text-id-gsbp-879ea1a{font-weight:400;font-family:Poppins,sans-serif;font-size:1.5rem}@media (max-width:991.98px){.gspb_text-id-gsbp-879ea1a{font-size:.9rem}}@media (max-width:575.98px){.gspb_text-id-gsbp-879ea1a,.gspb_text-id-gsbp-879ea1a .gsap-g-line{text-align:center!important}}.gspb_text-id-gsbp-879ea1a{color:var(--wp--preset--color--palette-color-4, var(--theme-palette-color-4, #2C1E18))}#gspb_button-id-gsbp-6756cfc{display:flex;justify-content:flex-start}#gspb_button-id-gsbp-6756cfc .gspb-buttonbox-text{display:flex;flex-direction:column}#gspb_button-id-gsbp-6756cfc>.gspb-buttonbox{box-sizing:border-box}@media (max-width:575.98px){#gspb_button-id-gsbp-6756cfc{justify-content:center}}#gspb_col-id-gsbp-7789d0f.gspb_row__col--6{width:50%}@media (max-width:575.98px){#gspb_col-id-gsbp-7789d0f.gspb_row__col--6{width:100%;order:1}}.gspb_row #gspb_col-id-gsbp-7789d0f.gspb_row__col--6{margin-top:-120px;padding:0}@media (max-width:991.98px){.gspb_row #gspb_col-id-gsbp-7789d0f.gspb_row__col--6{margin-top:-80px}}@media (max-width:575.98px){.gspb_row #gspb_col-id-gsbp-7789d0f.gspb_row__col--6{margin-top:0}}#gspb_row-id-gsbp-e71975f{justify-content:space-between;margin-top:0;margin-bottom:0;display:flex;flex-wrap:wrap;padding:100px}#gspb_row-id-gsbp-e71975f>.gspb_row__content{display:flex;justify-content:space-between;margin:0 auto;width:100%;flex-wrap:wrap}@media (max-width:991.98px){#gspb_row-id-gsbp-e71975f{padding:40px 30px}}#gspb_row-id-gsbp-e71975f{background-size:cover;background-repeat:no-repeat;background-image:url(https:\/\/charcoals.ae\/wp-content\/uploads\/2024\/10\/Yanartas.jpg);isolation:isolate}#gspb_row-id-gsbp-e71975f:hover{background-size:cover}#gspb_row-id-gsbp-e71975f>.gspb_backgroundOverlay{position:absolute;top:0;left:0;width:100%;height:100%;z-index:-1;background-color:#00000070}#gspb_col-id-gsbp-6a93021.gspb_row__col--12{width:100%}@media (max-width:575.98px){#gspb_col-id-gsbp-6a93021.gspb_row__col--12{width:100%}}.gspb_text-id-gsbp-1b5b86b{font-weight:500;font-family:Poppins,sans-serif;font-size:-1px}@media (max-width:575.98px){.gspb_text-id-gsbp-1b5b86b,.gspb_text-id-gsbp-1b5b86b .gsap-g-line{text-align:center!important}}.gspb_text-id-gsbp-1b5b86b{color:var(--wp--preset--color--palette-color-8, var(--theme-palette-color-8, #ffffff));margin-top:0!important;margin-bottom:15px!important;padding-bottom:15px!important}@media (max-width:991.98px){.gspb_text-id-gsbp-1b5b86b{margin-top:0!important}}@media (max-width:575.98px){.gspb_text-id-gsbp-1b5b86b{margin-top:0!important}}.gspb_text-id-gsbp-1b5b86b{border-bottom-style:solid;border-bottom-color:var(--wp--preset--color--palette-color-1, var(--theme-palette-color-1, #CB602C))}#gspb_heading-id-gsbp-dedc6e0{font-size:3em}@media (max-width:991.98px){#gspb_heading-id-gsbp-dedc6e0{font-size:2em}}@media (max-width:575.98px){#gspb_heading-id-gsbp-dedc6e0,#gspb_heading-id-gsbp-dedc6e0 .gsap-g-line{text-align:center!important}}#gspb_heading-id-gsbp-dedc6e0{color:var(--wp--preset--color--palette-color-8, var(--theme-palette-color-8, #ffffff))}#gspb_row-id-gsbp-28d45c9{justify-content:space-between;margin-bottom:0;display:flex;flex-wrap:wrap;margin-top:0}#gspb_row-id-gsbp-28d45c9>.gspb_row__content{display:flex;justify-content:space-between;margin:0 auto;width:100%;flex-wrap:wrap}.gspb_row{position:relative}#gspb_col-id-gsbp-ee14efa.gspb_row__col--3{width:25%}@media (max-width:991.98px){#gspb_col-id-gsbp-ee14efa.gspb_row__col--3{width:25%}}@media (max-width:575.98px){#gspb_col-id-gsbp-ee14efa.gspb_row__col--3{width:100%}.gspb_row #gspb_col-id-gsbp-ee14efa.gspb_row__col--3{padding-top:200px}}#gspb_col-id-gsbp-ee14efa.gspb_row__col--3{background-size:cover;background-repeat:no-repeat;background-position:47% 97%;background-image:url(https:\/\/charcoals.ae\/wp-content\/uploads\/2024\/10\/products-img-2.jpg);isolation:isolate}#gspb_col-id-gsbp-ee14efa.gspb_row__col--3:hover{background-size:cover}#gspb_col-id-gsbp-ee14efa.gspb_row__col--3>.gspb_backgroundOverlay{position:absolute;top:0;left:0;width:100%;height:100%;z-index:-1;background-color:#00000070}#gspb_col-id-gsbp-8f79b5a.gspb_row__col--6{width:50%}@media (max-width:991.98px){#gspb_col-id-gsbp-8f79b5a.gspb_row__col--6{width:50%}}@media (max-width:575.98px){#gspb_col-id-gsbp-8f79b5a.gspb_row__col--6{width:100%}}.gspb_row #gspb_col-id-gsbp-8f79b5a.gspb_row__col--6{padding:100px 60px}@media (max-width:991.98px){.gspb_row #gspb_col-id-gsbp-8f79b5a.gspb_row__col--6{padding:50px 15px}}#gspb_col-id-gsbp-8f79b5a.gspb_row__col--6{background-size:cover;background-repeat:no-repeat;background-image:url(https:\/\/charcoals.ae\/wp-content\/uploads\/2024\/10\/aboutus-image-1.webp)}#gspb_col-id-gsbp-8f79b5a.gspb_row__col--6:hover{background-size:cover}body #gspb_col-id-gsbp-035f35a.gspb_row__col--12,body #gspb_col-id-gsbp-8f79b5a.gspb_row__col--6,body #gspb_col-id-gsbp-d2699c7.gspb_row__col--12{display:flex;flex-direction:column;align-items:center}#gspb_heading-id-gsbp-415756f{text-transform:capitalize;font-size:3rem}@media (max-width:991.98px){#gspb_heading-id-gsbp-415756f{font-size:2rem}}#gspb_heading-id-gsbp-415756f,#gspb_heading-id-gsbp-415756f .gsap-g-line{text-align:center!important}@media (max-width:991.98px){#gspb_heading-id-gsbp-415756f,#gspb_heading-id-gsbp-415756f .gsap-g-line{text-align:center!important}}#gspb_heading-id-gsbp-415756f{color:var(--wp--preset--color--palette-color-8, var(--theme-palette-color-8, #ffffff));margin-top:0;margin-bottom:0;max-width:700px}#gspb_col-id-gsbp-94e0258.gspb_row__col--3{width:25%}@media (max-width:991.98px){#gspb_col-id-gsbp-94e0258.gspb_row__col--3{width:25%}}@media (max-width:575.98px){#gspb_col-id-gsbp-94e0258.gspb_row__col--3{width:100%}.gspb_row #gspb_col-id-gsbp-94e0258.gspb_row__col--3{padding-top:200px}}#gspb_col-id-gsbp-94e0258.gspb_row__col--3{background-size:cover;background-repeat:no-repeat;background-position:49% 100%;background-image:url(https:\/\/charcoals.ae\/wp-content\/uploads\/2024\/10\/products-img-1.jpg);isolation:isolate}#gspb_col-id-gsbp-94e0258.gspb_row__col--3:hover{background-size:cover}#gspb_col-id-gsbp-94e0258.gspb_row__col--3>.gspb_backgroundOverlay{position:absolute;top:0;left:0;width:100%;height:100%;z-index:-1;background-color:#00000070}#gspb_row-id-gsbp-f0c9f0b{justify-content:space-between;margin-bottom:0;display:flex;flex-wrap:wrap;margin-top:0;padding-top:107px;padding-bottom:107px}#gspb_row-id-gsbp-f0c9f0b>.gspb_row__content{display:flex;justify-content:space-between;margin:0 auto;width:100%;flex-wrap:wrap}body.gspb-bodyfront #gspb_row-id-gsbp-e71975f>.gspb_row__content,body.gspb-bodyfront #gspb_row-id-gsbp-f0c9f0b>.gspb_row__content{width:var(--theme-container-width, 1200px);max-width:var(--theme-normal-container-max-width, 1200px)}@media (max-width:575.98px){#gspb_row-id-gsbp-f0c9f0b{padding-top:50px;padding-bottom:70px}}#gspb_row-id-gsbp-f0c9f0b{background-color:#00000070;background-size:cover;background-repeat:no-repeat;background-position:46% 42%;background-image:url(https:\/\/charcoals.ae\/wp-content\/uploads\/2024\/10\/image-cta-2.jpg);isolation:isolate}#gspb_row-id-gsbp-f0c9f0b:hover{background-size:cover}#gspb_row-id-gsbp-f0c9f0b>.gspb_backgroundOverlay{position:absolute;top:0;left:0;width:100%;height:100%;z-index:-1;background-color:#00000099}#gspb_col-id-gsbp-d2699c7.gspb_row__col--12{width:100%}@media (max-width:575.98px){#gspb_col-id-gsbp-d2699c7.gspb_row__col--12{width:100%}}#gspb_heading-id-gsbp-8380550{font-size:3rem}@media (max-width:991.98px){#gspb_heading-id-gsbp-8380550{font-size:2rem}}@media (max-width:575.98px){#gspb_heading-id-gsbp-8380550{font-size:2rem}}#gspb_heading-id-gsbp-8380550,#gspb_heading-id-gsbp-8380550 .gsap-g-line{text-align:center!important}@media (max-width:991.98px){#gspb_heading-id-gsbp-8380550,#gspb_heading-id-gsbp-8380550 .gsap-g-line{text-align:center!important}}#gspb_heading-id-gsbp-8380550{color:#fff;margin-top:0;margin-bottom:5px}.gspb_text-id-gsbp-5a709c0{font-weight:400;font-family:Poppins,sans-serif;font-size:1rem}.gspb_text-id-gsbp-5a709c0,.gspb_text-id-gsbp-5a709c0 .gsap-g-line{text-align:center!important}@media (max-width:991.98px){.gspb_text-id-gsbp-5a709c0,.gspb_text-id-gsbp-5a709c0 .gsap-g-line{text-align:center!important}}.gspb_text-id-gsbp-5a709c0{color:#fff;margin-bottom:30px!important}@media (max-width:991.98px){.gspb_text-id-gsbp-5a709c0{margin-top:0!important}}.gspb_text-id-gsbp-5a709c0{max-width:800px}.gspb_text-id-gsbp-b0ce2a2{font-weight:600;font-family:Poppins,sans-serif;font-size:2rem}@media (max-width:575.98px){.gspb_text-id-gsbp-b0ce2a2{font-size:1rem}}.gspb_text-id-gsbp-b0ce2a2,.gspb_text-id-gsbp-b0ce2a2 .gsap-g-line{text-align:center!important}@media (max-width:991.98px){.gspb_text-id-gsbp-b0ce2a2,.gspb_text-id-gsbp-b0ce2a2 .gsap-g-line{text-align:center!important}}.gspb_text-id-gsbp-b0ce2a2{color:#fff;margin-bottom:0!important}@media (max-width:991.98px){.gspb_text-id-gsbp-b0ce2a2{margin-top:0!important}}","_kad_blocks_custom_css":"","_kad_blocks_head_custom_js":"","_kad_blocks_body_custom_js":"","_kad_blocks_footer_custom_js":"","postBodyCss":"","postBodyMargin":[],"postBodyPadding":[],"postBodyBackground":{"backgroundType":"classic","gradient":""},"footnotes":""},"class_list":["post-1481","page","type-page","status-publish","hentry"],"blocksy_meta":[],"taxonomy_info":[],"featured_image_src_large":false,"author_info":{"display_name":"Hassan Rajabian","author_link":"https:\/\/charcoals.ae\/tr\/author\/h-rajabian\/"},"comment_info":0,"_links":{"self":[{"href":"https:\/\/charcoals.ae\/tr\/wp-json\/wp\/v2\/pages\/1481","targetHints":{"allow":["GET"]}}],"collection":[{"href":"https:\/\/charcoals.ae\/tr\/wp-json\/wp\/v2\/pages"}],"about":[{"href":"https:\/\/charcoals.ae\/tr\/wp-json\/wp\/v2\/types\/page"}],"author":[{"embeddable":true,"href":"https:\/\/charcoals.ae\/tr\/wp-json\/wp\/v2\/users\/6"}],"replies":[{"embeddable":true,"href":"https:\/\/charcoals.ae\/tr\/wp-json\/wp\/v2\/comments?post=1481"}],"version-history":[{"count":0,"href":"https:\/\/charcoals.ae\/tr\/wp-json\/wp\/v2\/pages\/1481\/revisions"}],"wp:attachment":[{"href":"https:\/\/charcoals.ae\/tr\/wp-json\/wp\/v2\/media?parent=1481"}],"curies":[{"name":"wp","href":"https:\/\/api.w.org\/{rel}","templated":true}]}}